{"id":148,"date":"2026-04-19T21:24:38","date_gmt":"2026-04-19T21:24:38","guid":{"rendered":"https:\/\/wissenschaft-gegen-faschismus.de\/?page_id=148"},"modified":"2026-04-20T15:24:35","modified_gmt":"2026-04-20T15:24:35","slug":"impressum","status":"publish","type":"page","link":"https:\/\/wissenschaft-gegen-faschismus.de\/index.php\/impressum\/","title":{"rendered":"Impressum"},"content":{"rendered":"\n<h2 class=\"wp-block-heading\">DIE LINKE.SDS<\/h2>\n\n\n\n<p>V.i.S.d.P Sarah Niedrich &amp; Jonas Schwarz<br>Kleine Alexanderstra\u00dfe 28<br>10178 Berlin<br>Tel.: 030-24009134<\/p>\n\n\n\n<p>E-Mail: kontakt(\u00e4t)wissenschaft-gegen-faschismus.de<\/p>\n\n\n\n<p><strong>Disclaimer<\/strong><br>Dieses Internetangebot informiert \u00fcber Aktivit\u00e4ten und Vorhabenvon Die Linke.SDS. Die Webinhalte werden von uns elektronisch erstellt und manuell \u00fcberarbeitet. F\u00fcr eventuelle Abweichungen von Originaltexten \u00fcbernehmen wir keine Haftung.<\/p>\n\n\n\n<p>Die Linke.SDS ist als Inhaltsanbieter nach \u00a7 5 Abs.1 Mediendienste-Staatsvetrag f\u00fcr die \u201eeigenen Inhalte\u201c, die er zur Nutzung bereith\u00e4lt, nach den allgemeinen Gesetzen verantwortlich. Von diesen eigenen Inhalten sind Querverweise (\u201eLinks\u201c) auf die von anderen Anbietern bereitgehaltenen Inhalte zu unterscheiden. Durch den Querverweis h\u00e4lt der Landesvorstand insofern \u201efremde Inhalte\u201c zur Nutzung bereit, die in dieser Weise gekennzeichnet sind: LINK. F\u00fcr diese fremden Inhalte ist er nur dann verantwortlich, wenn er von ihnen (d.h. auch von einem rechtswidrigen bzw. strafbaren Inhalt) positive Kenntnis hat und es ihm technisch m\u00f6glich und zumutbar ist, deren Nutzung zu verhindern (\u00a7 5 Abs.2 Mediendienste-Staatsvetrag).<\/p>\n\n\n\n<p>Bei \u201eLinks\u201c handelt es sich allerdings stets um \u201elebende\u201c (dynamische) Verweisungen. Die Linke.SDS hat bei der erstmaligen Verkn\u00fcpfung zwar den fremden Inhalt daraufhin \u00fcberpr\u00fcft, ob durch ihn eine m\u00f6gliche zivilrechtliche oder strafrechtliche Verantwortlichkeit ausgel\u00f6st wird. Er ist aber nicht dazu verpflichtet, die Inhalte, auf die er in seinem Angebot verweist, st\u00e4ndig auf Ver\u00e4nderungen zu \u00fcberpr\u00fcfen, die eine Verantwortlichkeit neu begr\u00fcnden k\u00f6nnten. Erst wenn er feststellt oder von anderen darauf hingewiesen wird, dass ein konkretes Angebot, zu dem er einen Link bereitgestellt hat, eine zivil- oder strafrechtliche Verantwortlichkeit ausl\u00f6st, wird er den Verweis auf dieses Angebot aufheben, soweit ihm dies technisch m\u00f6glich und zumutbar ist. Die technische M\u00f6glichkeit und Zumutbarkeit wird nicht dadurch beeinflusst, dass auch nach Unterbindung des Zugriffs von der Homepage des Landesverbands von anderen Servern aus auf das rechtswidrige oder strafbare Angebot zugegriffen werden kann.<\/p>\n","protected":false},"excerpt":{"rendered":"<p>DIE LINKE.SDS V.i.S.d.P Sarah Niedrich &amp; Jonas SchwarzKleine Alexanderstra\u00dfe 2810178 BerlinTel.: 030-24009134 E-Mail: kontakt(\u00e4t)wissenschaft-gegen-faschismus.de DisclaimerDieses Internetangebot informiert \u00fcber Aktivit\u00e4ten und Vorhabenvon Die Linke.SDS. Die Webinhalte werden von uns elektronisch erstellt und manuell \u00fcberarbeitet. F\u00fcr eventuelle Abweichungen von Originaltexten \u00fcbernehmen wir keine Haftung. Die Linke.SDS ist als Inhaltsanbieter nach \u00a7 5 Abs.1 Mediendienste-Staatsvetrag f\u00fcr die \u201eeigenen&hellip;&nbsp;<\/p>\n","protected":false},"author":2,"featured_media":0,"parent":0,"menu_order":0,"comment_status":"closed","ping_status":"closed","template":"","meta":{"neve_meta_sidebar":"","neve_meta_container":"","neve_meta_enable_content_width":"","neve_meta_content_width":0,"neve_meta_title_alignment":"","neve_meta_author_avatar":"","neve_post_elements_order":"","neve_meta_disable_header":"","neve_meta_disable_footer":"","neve_meta_disable_title":"","neve_meta_reading_time":"","_themeisle_gutenberg_block_has_review":false,"footnotes":""},"class_list":["post-148","page","type-page","status-publish","hentry"],"_links":{"self":[{"href":"https:\/\/wissenschaft-gegen-faschismus.de\/index.php\/wp-json\/wp\/v2\/pages\/148","targetHints":{"allow":["GET"]}}],"collection":[{"href":"https:\/\/wissenschaft-gegen-faschismus.de\/index.php\/wp-json\/wp\/v2\/pages"}],"about":[{"href":"https:\/\/wissenschaft-gegen-faschismus.de\/index.php\/wp-json\/wp\/v2\/types\/page"}],"author":[{"embeddable":true,"href":"https:\/\/wissenschaft-gegen-faschismus.de\/index.php\/wp-json\/wp\/v2\/users\/2"}],"replies":[{"embeddable":true,"href":"https:\/\/wissenschaft-gegen-faschismus.de\/index.php\/wp-json\/wp\/v2\/comments?post=148"}],"version-history":[{"count":2,"href":"https:\/\/wissenschaft-gegen-faschismus.de\/index.php\/wp-json\/wp\/v2\/pages\/148\/revisions"}],"predecessor-version":[{"id":207,"href":"https:\/\/wissenschaft-gegen-faschismus.de\/index.php\/wp-json\/wp\/v2\/pages\/148\/revisions\/207"}],"wp:attachment":[{"href":"https:\/\/wissenschaft-gegen-faschismus.de\/index.php\/wp-json\/wp\/v2\/media?parent=148"}],"curies":[{"name":"wp","href":"https:\/\/api.w.org\/{rel}","templated":true}]}}